{"id":2177,"date":"2022-03-20T12:43:23","date_gmt":"2022-03-20T11:43:23","guid":{"rendered":"https:\/\/lamaisondesbenjamins.fr\/ng\/?page_id=2177"},"modified":"2023-10-16T20:41:10","modified_gmt":"2023-10-16T19:41:10","slug":"soutenez-notre-action","status":"publish","type":"page","link":"https:\/\/lamaisondesbenjamins.fr\/ng\/soutenez-notre-action\/","title":{"rendered":"Soutenez notre action"},"content":{"rendered":"\n<h3><span style=\"background-color: #ffffff; color: #808080;\"><em><strong>Participez au d\u00e9veloppement de notre communaut\u00e9 :<\/strong><\/em><\/span><\/h3>\n<blockquote>\n<p>&gt;&gt;<strong><a href=\"https:\/\/www.payassociation.fr\/la-maison-des-benjamins\/don\">Faites un don \u00e0 notre association en cliquant sur ce lien<\/a><\/strong>&lt;&lt;<\/p>\n<\/blockquote>\n<p>Si vous souhaitez un cerfa , envoyez un courriel avec vos coordonn\u00e9es \u00e0 : <a href=\"mailto:lamaisondesbenjamins@orange.fr\">lamaisondesbenjamins@orange.fr<\/a><\/p>\n<p>Bien \u00e0 vous et merci !<\/p>\n","protected":false},"excerpt":{"rendered":"<p>Participez au d\u00e9veloppement de notre communaut\u00e9 : &gt;&gt;Faites un don \u00e0 notre association en cliquant sur ce lien&lt;&lt; Si vous souhaitez un cerfa , envoyez un courriel avec vos coordonn\u00e9es \u00e0 : lamaisondesbenjamins@orange.fr Bien \u00e0 vous et merci !<\/p>\n","protected":false},"author":10,"featured_media":0,"parent":0,"menu_order":0,"comment_status":"closed","ping_status":"closed","template":"","meta":{"footnotes":""},"class_list":["post-2177","page","type-page","status-publish","hentry"],"_links":{"self":[{"href":"https:\/\/lamaisondesbenjamins.fr\/ng\/wp-json\/wp\/v2\/pages\/2177","targetHints":{"allow":["GET"]}}],"collection":[{"href":"https:\/\/lamaisondesbenjamins.fr\/ng\/wp-json\/wp\/v2\/pages"}],"about":[{"href":"https:\/\/lamaisondesbenjamins.fr\/ng\/wp-json\/wp\/v2\/types\/page"}],"author":[{"embeddable":true,"href":"https:\/\/lamaisondesbenjamins.fr\/ng\/wp-json\/wp\/v2\/users\/10"}],"replies":[{"embeddable":true,"href":"https:\/\/lamaisondesbenjamins.fr\/ng\/wp-json\/wp\/v2\/comments?post=2177"}],"version-history":[{"count":11,"href":"https:\/\/lamaisondesbenjamins.fr\/ng\/wp-json\/wp\/v2\/pages\/2177\/revisions"}],"predecessor-version":[{"id":2346,"href":"https:\/\/lamaisondesbenjamins.fr\/ng\/wp-json\/wp\/v2\/pages\/2177\/revisions\/2346"}],"wp:attachment":[{"href":"https:\/\/lamaisondesbenjamins.fr\/ng\/wp-json\/wp\/v2\/media?parent=2177"}],"curies":[{"name":"wp","href":"https:\/\/api.w.org\/{rel}","templated":true}]}}