{"id":2,"date":"2016-11-19T20:30:04","date_gmt":"2016-11-19T20:30:04","guid":{"rendered":"http:\/\/lamaisondesbenjamins.fr\/ng\/?page_id=2"},"modified":"2023-10-05T23:42:19","modified_gmt":"2023-10-05T22:42:19","slug":"presentation","status":"publish","type":"page","link":"https:\/\/lamaisondesbenjamins.fr\/ng\/presentation\/","title":{"rendered":"Chers amis"},"content":{"rendered":"<p><b><span style=\"font-size: 24pt;\"><span style=\"font-size: 12pt;\">A<\/span><\/span> l&rsquo;approche des f\u00eates de Tichri, je voudrais avoir une pens\u00e9e pour toutes les personnes qui nous ont quitt\u00e9 , que leurs \u00e2mes reposent en paix.<\/b><\/p>\n<p><b>Je<\/b> <strong>voudrais<\/strong><b> aussi , vous remercier pour votre implication et votre g\u00e9n\u00e9rosit\u00e9 qui nous ont permis de maintenir et de d\u00e9velopper nos activit\u00e9s dans tous les domaines.<\/b><\/p>\n<p><strong>Je voudrais aussi inciter les personnes qui n&rsquo;ont pas encore adh\u00e9rer \u00e0 notre association \u00e0 le faire ; plus nous sommes nombreux , plus nous nous d\u00e9velopperons.<\/strong><\/p>\n<p><strong>En esp\u00e9rant vous rencontrer avec joie nombreuses et nombreux.<\/strong><\/p>\n<p><span style=\"color: #000000;\"><strong><em><span style=\"font-family: times new roman, times, serif;\">L\u2019adh\u00e9sion pour les adultes est \u00e0 22 \u20ac\/mois et\u00a0 <\/span><\/em><\/strong><strong><em><span style=\"font-family: times new roman, times, serif;\">pour les \u00e9tudiants, elle reste \u00e0 10\u20ac\/mois (avec si\u00e8ge d\u00e9di\u00e9).<\/span><\/em><\/strong><\/span><\/p>\n<p><strong><span style=\"color: #0000ff;\">Chana tova ou mevorekhet 5784 \u00e0 tous,<\/span><\/strong><br \/>\n<a href=\"https:\/\/www.calameo.com\/books\/0000181068613967d70dd\"><strong><span style=\"color: #0000ff;\">\u21d2 E. FETTAYA \u21d0<\/span><\/strong><\/a><\/p>\n","protected":false},"excerpt":{"rendered":"<p>A l&rsquo;approche des f\u00eates de Tichri, je voudrais avoir une pens\u00e9e pour toutes les personnes qui nous ont quitt\u00e9 , que leurs \u00e2mes reposent en paix. Je voudrais aussi , vous remercier pour votre implication et votre g\u00e9n\u00e9rosit\u00e9 qui nous ont permis de maintenir et de d\u00e9velopper nos activit\u00e9s dans tous les domaines. Je voudrais<\/p>\n","protected":false},"author":10,"featured_media":0,"parent":0,"menu_order":0,"comment_status":"closed","ping_status":"closed","template":"","meta":{"footnotes":""},"class_list":["post-2","page","type-page","status-publish","hentry"],"_links":{"self":[{"href":"https:\/\/lamaisondesbenjamins.fr\/ng\/wp-json\/wp\/v2\/pages\/2","targetHints":{"allow":["GET"]}}],"collection":[{"href":"https:\/\/lamaisondesbenjamins.fr\/ng\/wp-json\/wp\/v2\/pages"}],"about":[{"href":"https:\/\/lamaisondesbenjamins.fr\/ng\/wp-json\/wp\/v2\/types\/page"}],"author":[{"embeddable":true,"href":"https:\/\/lamaisondesbenjamins.fr\/ng\/wp-json\/wp\/v2\/users\/10"}],"replies":[{"embeddable":true,"href":"https:\/\/lamaisondesbenjamins.fr\/ng\/wp-json\/wp\/v2\/comments?post=2"}],"version-history":[{"count":31,"href":"https:\/\/lamaisondesbenjamins.fr\/ng\/wp-json\/wp\/v2\/pages\/2\/revisions"}],"predecessor-version":[{"id":2361,"href":"https:\/\/lamaisondesbenjamins.fr\/ng\/wp-json\/wp\/v2\/pages\/2\/revisions\/2361"}],"wp:attachment":[{"href":"https:\/\/lamaisondesbenjamins.fr\/ng\/wp-json\/wp\/v2\/media?parent=2"}],"curies":[{"name":"wp","href":"https:\/\/api.w.org\/{rel}","templated":true}]}}